{"id":12204,"date":"2022-02-04T18:25:48","date_gmt":"2022-02-04T16:25:48","guid":{"rendered":"https:\/\/boutique.jfpignon.com\/40-jours-4-criollos-et-du-silence\/"},"modified":"2022-02-18T10:11:07","modified_gmt":"2022-02-18T08:11:07","slug":"40-jours-4-criollos-et-du-silence","status":"publish","type":"page","link":"https:\/\/boutique.jfpignon.com\/de\/40-jours-4-criollos-et-du-silence\/","title":{"rendered":"40 TAGE, 4 CRIOLLOS UND STILLE"},"content":{"rendered":"<p>[et_pb_section fb_built=&#8220;1&#8243; fullwidth=&#8220;on&#8220; _builder_version=&#8220;4.14.7&#8243; _module_preset=&#8220;default&#8220; custom_padding=&#8220;||||false|false&#8220; bottom_divider_style=&#8220;arrow2&#8243; bottom_divider_color=&#8220;#ffffff&#8220; bottom_divider_height=&#8220;52px&#8220; global_colors_info=&#8220;{}&#8220;][et_pb_fullwidth_header title=&#8220;40 TAGE, 4 CRIOLLOS UND STILLE&#8220; _builder_version=&#8220;4.9.7&#8243; _module_preset=&#8220;default&#8220; title_font=&#8220;Roboto|700||on|||||&#8220; title_text_color=&#8220;#D1C6C4&#8243; title_font_size=&#8220;40px&#8220; title_letter_spacing=&#8220;3px&#8220; background_enable_color=&#8220;off&#8220; background_image=&#8220;https:\/\/boutique.jfpignon.com\/wp-content\/uploads\/2021\/06\/header-compte-panier.jpg&#8220; background_position=&#8220;top_center&#8220; background_blend=&#8220;multiply&#8220; title_text_shadow_style=&#8220;preset2&#8243; global_colors_info=&#8220;{}&#8220;][\/et_pb_fullwidth_header][\/et_pb_section][et_pb_section fb_built=&#8220;1&#8243; _builder_version=&#8220;4.14.7&#8243; _module_preset=&#8220;default&#8220; global_colors_info=&#8220;{}&#8220;][et_pb_row _builder_version=&#8220;4.14.7&#8243; _module_preset=&#8220;default&#8220; max_width=&#8220;80%&#8220; global_colors_info=&#8220;{}&#8220;][et_pb_column type=&#8220;4_4&#8243; _builder_version=&#8220;4.14.7&#8243; _module_preset=&#8220;default&#8220; global_colors_info=&#8220;{}&#8220;][et_pb_image src=&#8220;https:\/\/boutique.jfpignon.com\/wp-content\/uploads\/2022\/02\/40Jours_FB_851x315px.jpg&#8220; title_text=&#8220;40Jours_FB_851x315px&#8220; align=&#8220;center&#8220; _builder_version=&#8220;4.14.7&#8243; _module_preset=&#8220;default&#8220; global_colors_info=&#8220;{}&#8220;][\/et_pb_image][et_pb_video src=&#8220;https:\/\/youtu.be\/65aozEOo9Eo&#8220; _builder_version=&#8220;4.14.7&#8243; _module_preset=&#8220;default&#8220; global_colors_info=&#8220;{}&#8220;][\/et_pb_video][\/et_pb_column][\/et_pb_row][et_pb_row column_structure=&#8220;1_2,1_2&#8243; _builder_version=&#8220;4.14.7&#8243; _module_preset=&#8220;default&#8220; max_width=&#8220;80%&#8220; global_colors_info=&#8220;{}&#8220;][et_pb_column type=&#8220;1_2&#8243; _builder_version=&#8220;4.14.7&#8243; _module_preset=&#8220;default&#8220; global_colors_info=&#8220;{}&#8220;][et_pb_text _builder_version=&#8220;4.14.7&#8243; _module_preset=&#8220;default&#8220; background_color=&#8220;#EFEFDA&#8220; custom_padding=&#8220;20px|20px|20px|20px|true|true&#8220; border_radii=&#8220;on|10px|10px|10px|10px&#8220; box_shadow_style=&#8220;preset3&#8243; global_colors_info=&#8220;{}&#8220;]<\/p>\n<h3>Synopsis<\/h3>\n<p>Es beginnt mit einem verr\u00fcckten Traum: Pferde z\u00e4hmen, die in ihrer nat\u00fcrlichen Umgebung fast nie Kontakt zu Menschen hatten.<br \/>Und der Begegnung zwischen zwei M\u00e4nner:<br \/>Jean Fran\u00e7ois PIGNON, weltber\u00fchmter Dressurreiter, und Erfinder einer Kommunikationsmethode mit Pferden, die er mit grosser Leidenschaft vermittelt.<br \/>Und Florent PAGNY, einer der gr\u00f6ssten franz\u00f6sischen S\u00e4nger, Liebhaber der Freiheit in allen ihren Erscheinungsformen.<br \/>In der argentinischen Pampa, die er kreuz und quer durchl\u00e4uft, testet Jean Fran\u00e7ois seine Technik und seine Geduld. Diese Reise nach Patagonien ist vor allem eine innere Reise, reich an Emotionen und Lehre. <\/p>\n<p>[\/et_pb_text][et_pb_image src=&#8220;https:\/\/boutique.jfpignon.com\/wp-content\/uploads\/2022\/02\/affiches-avec-2-logos-festivals.jpeg&#8220; title_text=&#8220;affiches avec 2 logos festivals!&#8220; align=&#8220;center&#8220; _builder_version=&#8220;4.14.7&#8243; _module_preset=&#8220;default&#8220; global_colors_info=&#8220;{}&#8220;][\/et_pb_image][\/et_pb_column][et_pb_column type=&#8220;1_2&#8243; _builder_version=&#8220;4.14.7&#8243; _module_preset=&#8220;default&#8220; global_colors_info=&#8220;{}&#8220;][dsm_masonry_gallery gallery_ids=&#8220;12161,12164,12167,12170,12176,12179,12182,12185,12188,12191,12194,12197&#8243; columns=&#8220;2&#8243; use_lightbox=&#8220;on&#8220; lightbox_img_sizes=&#8220;et-pb-image&#8211;responsive&#8211;desktop&#8220; _builder_version=&#8220;4.14.7&#8243; _module_preset=&#8220;default&#8220; hover_enabled=&#8220;0&#8243; global_colors_info=&#8220;{}&#8220; use_zoom_on_hover=&#8220;on&#8220; sticky_enabled=&#8220;0&#8243;][\/dsm_masonry_gallery][\/et_pb_column][\/et_pb_row][\/et_pb_section]<\/p>\n","protected":false},"excerpt":{"rendered":"<p>Synopsis Es beginnt mit einem verr\u00fcckten Traum: Pferde z\u00e4hmen, die in ihrer nat\u00fcrlichen Umgebung fast nie Kontakt zu Menschen hatten.Und der Begegnung zwischen zwei M\u00e4nner:Jean Fran\u00e7ois PIGNON, weltber\u00fchmter Dressurreiter, und Erfinder einer Kommunikationsmethode mit Pferden, die er mit grosser Leidenschaft vermittelt.Und Florent PAGNY, einer der gr\u00f6ssten franz\u00f6sischen S\u00e4nger, Liebhaber der Freiheit in allen ihren Erscheinungsformen.In der argentinischen Pampa, die er kreuz und quer durchl\u00e4uft, testet Jean Fran\u00e7ois seine Technik und seine Geduld. Diese Reise nach Patagonien ist vor allem eine innere Reise, reich an Emotionen und Lehre. <div class=\"et_pb_module dsm_masonry_gallery dsm_masonry_gallery_0\">\n\t\t\t\t\n\t\t\t\t\n\t\t\t\t\n\t\t\t\t\n\t\t\t\t\n\t\t\t\t\n\t\t\t\t<div class=\"et_pb_module_inner\">\n\t\t\t\t\t<div class=\"dsm-gallery grid dsm_masonry_zoom_hover\" data-lightbox=\"true\" data-horizontalorder=\"true\">\n                <div class=\"grid-sizer\"><\/div><div class=\"gutter-sizer\"><\/div><div class=\"grid-item\">\n                    <a href=\"https:\/\/boutique.jfpignon.com\/wp-content\/uploads\/2022\/02\/4-chevaux-plus-crevasses.png\"  data-title='4 chevaux plus crevasses'  data-caption='' data-mfp-src=\"https:\/\/boutique.jfpignon.com\/wp-content\/uploads\/2022\/02\/4-chevaux-plus-crevasses-1280x678.png\">\n                        <div class=\"et_pb_image_wrap\">\n                            <img loading=\"lazy\" decoding=\"async\" src=\"https:\/\/boutique.jfpignon.com\/wp-content\/uploads\/2022\/02\/4-chevaux-plus-crevasses.png\" title=\"4 chevaux plus crevasses\" alt=\"\" class=\"dsm-skip-lazyload\" srcset=\"https:\/\/boutique.jfpignon.com\/wp-content\/uploads\/2022\/02\/4-chevaux-plus-crevasses.png 1875w, https:\/\/boutique.jfpignon.com\/wp-content\/uploads\/2022\/02\/4-chevaux-plus-crevasses-1280x678.png 1280w, https:\/\/boutique.jfpignon.com\/wp-content\/uploads\/2022\/02\/4-chevaux-plus-crevasses-980x519.png 980w, https:\/\/boutique.jfpignon.com\/wp-content\/uploads\/2022\/02\/4-chevaux-plus-crevasses-480x254.png 480w\" sizes=\"(min-width: 0px) and (max-width: 480px) 480px, (min-width: 481px) and (max-width: 980px) 980px, (min-width: 981px) and (max-width: 1280px) 1280px, (min-width: 1281px) 1875px, 100vw\" width=\"1875\" height=\"993\" \/>\n                            \n                        <\/div>\n                    <\/a>\n                <\/div><div class=\"grid-item\">\n                    <a href=\"https:\/\/boutique.jfpignon.com\/wp-content\/uploads\/2022\/02\/4-criollos-au-loin-plus-JF.png\"  data-title='4 criollos au loin plus JF'  data-caption='' data-mfp-src=\"https:\/\/boutique.jfpignon.com\/wp-content\/uploads\/2022\/02\/4-criollos-au-loin-plus-JF-1280x677.png\">\n                        <div class=\"et_pb_image_wrap\">\n                            <img loading=\"lazy\" decoding=\"async\" src=\"https:\/\/boutique.jfpignon.com\/wp-content\/uploads\/2022\/02\/4-criollos-au-loin-plus-JF.png\" title=\"4 criollos au loin plus JF\" alt=\"\" class=\"dsm-skip-lazyload\" srcset=\"https:\/\/boutique.jfpignon.com\/wp-content\/uploads\/2022\/02\/4-criollos-au-loin-plus-JF.png 1901w, https:\/\/boutique.jfpignon.com\/wp-content\/uploads\/2022\/02\/4-criollos-au-loin-plus-JF-1280x677.png 1280w, https:\/\/boutique.jfpignon.com\/wp-content\/uploads\/2022\/02\/4-criollos-au-loin-plus-JF-980x518.png 980w, https:\/\/boutique.jfpignon.com\/wp-content\/uploads\/2022\/02\/4-criollos-au-loin-plus-JF-480x254.png 480w\" sizes=\"(min-width: 0px) and (max-width: 480px) 480px, (min-width: 481px) and (max-width: 980px) 980px, (min-width: 981px) and (max-width: 1280px) 1280px, (min-width: 1281px) 1901px, 100vw\" width=\"1901\" height=\"1005\" \/>\n                            \n                        <\/div>\n                    <\/a>\n                <\/div><div class=\"grid-item\">\n                    <a href=\"https:\/\/boutique.jfpignon.com\/wp-content\/uploads\/2022\/02\/Bebe-au-travail-a-pieds.jpg\"  data-title='Bebe au travail a pieds'  data-caption='' data-mfp-src=\"https:\/\/boutique.jfpignon.com\/wp-content\/uploads\/2022\/02\/Bebe-au-travail-a-pieds-1280x721.jpg\">\n                        <div class=\"et_pb_image_wrap\">\n                            <img loading=\"lazy\" decoding=\"async\" src=\"https:\/\/boutique.jfpignon.com\/wp-content\/uploads\/2022\/02\/Bebe-au-travail-a-pieds.jpg\" title=\"Bebe au travail a pieds\" alt=\"\" class=\"dsm-skip-lazyload\" srcset=\"https:\/\/boutique.jfpignon.com\/wp-content\/uploads\/2022\/02\/Bebe-au-travail-a-pieds.jpg 1296w, https:\/\/boutique.jfpignon.com\/wp-content\/uploads\/2022\/02\/Bebe-au-travail-a-pieds-1280x721.jpg 1280w, https:\/\/boutique.jfpignon.com\/wp-content\/uploads\/2022\/02\/Bebe-au-travail-a-pieds-980x552.jpg 980w, https:\/\/boutique.jfpignon.com\/wp-content\/uploads\/2022\/02\/Bebe-au-travail-a-pieds-480x270.jpg 480w\" sizes=\"(min-width: 0px) and (max-width: 480px) 480px, (min-width: 481px) and (max-width: 980px) 980px, (min-width: 981px) and (max-width: 1280px) 1280px, (min-width: 1281px) 1296px, 100vw\" width=\"1296\" height=\"730\" \/>\n                            \n                        <\/div>\n                    <\/a>\n                <\/div><div class=\"grid-item\">\n                    <a href=\"https:\/\/boutique.jfpignon.com\/wp-content\/uploads\/2022\/02\/face-a-face-main-dans-les-poches.jpg\"  data-title='face a face main dans les poches'  data-caption='' data-mfp-src=\"https:\/\/boutique.jfpignon.com\/wp-content\/uploads\/2022\/02\/face-a-face-main-dans-les-poches-1280x693.jpg\">\n                        <div class=\"et_pb_image_wrap\">\n                            <img loading=\"lazy\" decoding=\"async\" src=\"https:\/\/boutique.jfpignon.com\/wp-content\/uploads\/2022\/02\/face-a-face-main-dans-les-poches.jpg\" title=\"face a face main dans les poches\" alt=\"\" class=\"dsm-skip-lazyload\" srcset=\"https:\/\/boutique.jfpignon.com\/wp-content\/uploads\/2022\/02\/face-a-face-main-dans-les-poches.jpg 1944w, https:\/\/boutique.jfpignon.com\/wp-content\/uploads\/2022\/02\/face-a-face-main-dans-les-poches-1280x693.jpg 1280w, https:\/\/boutique.jfpignon.com\/wp-content\/uploads\/2022\/02\/face-a-face-main-dans-les-poches-980x531.jpg 980w, https:\/\/boutique.jfpignon.com\/wp-content\/uploads\/2022\/02\/face-a-face-main-dans-les-poches-480x260.jpg 480w\" sizes=\"(min-width: 0px) and (max-width: 480px) 480px, (min-width: 481px) and (max-width: 980px) 980px, (min-width: 981px) and (max-width: 1280px) 1280px, (min-width: 1281px) 1944px, 100vw\" width=\"1944\" height=\"1053\" \/>\n                            \n                        <\/div>\n                    <\/a>\n                <\/div><div class=\"grid-item\">\n                    <a href=\"https:\/\/boutique.jfpignon.com\/wp-content\/uploads\/2022\/02\/Florent-Pagny-argentine.png\"  data-title='Florent Pagny , argentine'  data-caption='' data-mfp-src=\"https:\/\/boutique.jfpignon.com\/wp-content\/uploads\/2022\/02\/Florent-Pagny-argentine-1280x838.png\">\n                        <div class=\"et_pb_image_wrap\">\n                            <img loading=\"lazy\" decoding=\"async\" src=\"https:\/\/boutique.jfpignon.com\/wp-content\/uploads\/2022\/02\/Florent-Pagny-argentine.png\" title=\"Florent Pagny , argentine\" alt=\"\" class=\"dsm-skip-lazyload\" srcset=\"https:\/\/boutique.jfpignon.com\/wp-content\/uploads\/2022\/02\/Florent-Pagny-argentine.png 1445w, https:\/\/boutique.jfpignon.com\/wp-content\/uploads\/2022\/02\/Florent-Pagny-argentine-1280x838.png 1280w, https:\/\/boutique.jfpignon.com\/wp-content\/uploads\/2022\/02\/Florent-Pagny-argentine-980x642.png 980w, https:\/\/boutique.jfpignon.com\/wp-content\/uploads\/2022\/02\/Florent-Pagny-argentine-480x314.png 480w\" sizes=\"(min-width: 0px) and (max-width: 480px) 480px, (min-width: 481px) and (max-width: 980px) 980px, (min-width: 981px) and (max-width: 1280px) 1280px, (min-width: 1281px) 1445px, 100vw\" width=\"1445\" height=\"946\" \/>\n                            \n                        <\/div>\n                    <\/a>\n                <\/div><div class=\"grid-item\">\n                    <a href=\"https:\/\/boutique.jfpignon.com\/wp-content\/uploads\/2022\/02\/Florent-qui-observe.png\"  data-title='Florent qui observe'  data-caption='' data-mfp-src=\"https:\/\/boutique.jfpignon.com\/wp-content\/uploads\/2022\/02\/Florent-qui-observe-1280x720.png\">\n                        <div class=\"et_pb_image_wrap\">\n                            <img loading=\"lazy\" decoding=\"async\" src=\"https:\/\/boutique.jfpignon.com\/wp-content\/uploads\/2022\/02\/Florent-qui-observe.png\" title=\"Florent qui observe\" alt=\"\" class=\"dsm-skip-lazyload\" srcset=\"https:\/\/boutique.jfpignon.com\/wp-content\/uploads\/2022\/02\/Florent-qui-observe.png 1920w, https:\/\/boutique.jfpignon.com\/wp-content\/uploads\/2022\/02\/Florent-qui-observe-1280x720.png 1280w, https:\/\/boutique.jfpignon.com\/wp-content\/uploads\/2022\/02\/Florent-qui-observe-980x551.png 980w, https:\/\/boutique.jfpignon.com\/wp-content\/uploads\/2022\/02\/Florent-qui-observe-480x270.png 480w\" sizes=\"(min-width: 0px) and (max-width: 480px) 480px, (min-width: 481px) and (max-width: 980px) 980px, (min-width: 981px) and (max-width: 1280px) 1280px, (min-width: 1281px) 1920px, 100vw\" width=\"1920\" height=\"1080\" \/>\n                            \n                        <\/div>\n                    <\/a>\n                <\/div><div class=\"grid-item\">\n                    <a href=\"https:\/\/boutique.jfpignon.com\/wp-content\/uploads\/2022\/02\/Fou-rire-sur-canape-rouge.jpg\"  data-title='Fou rire sur canape rouge'  data-caption='' data-mfp-src=\"https:\/\/boutique.jfpignon.com\/wp-content\/uploads\/2022\/02\/Fou-rire-sur-canape-rouge-1280x914.jpg\">\n                        <div class=\"et_pb_image_wrap\">\n                            <img loading=\"lazy\" decoding=\"async\" src=\"https:\/\/boutique.jfpignon.com\/wp-content\/uploads\/2022\/02\/Fou-rire-sur-canape-rouge.jpg\" title=\"Fou rire sur canape rouge\" alt=\"\" class=\"dsm-skip-lazyload\" srcset=\"https:\/\/boutique.jfpignon.com\/wp-content\/uploads\/2022\/02\/Fou-rire-sur-canape-rouge.jpg 2048w, https:\/\/boutique.jfpignon.com\/wp-content\/uploads\/2022\/02\/Fou-rire-sur-canape-rouge-1280x914.jpg 1280w, https:\/\/boutique.jfpignon.com\/wp-content\/uploads\/2022\/02\/Fou-rire-sur-canape-rouge-980x700.jpg 980w, https:\/\/boutique.jfpignon.com\/wp-content\/uploads\/2022\/02\/Fou-rire-sur-canape-rouge-480x343.jpg 480w\" sizes=\"(min-width: 0px) and (max-width: 480px) 480px, (min-width: 481px) and (max-width: 980px) 980px, (min-width: 981px) and (max-width: 1280px) 1280px, (min-width: 1281px) 2048px, 100vw\" width=\"2048\" height=\"1462\" \/>\n                            \n                        <\/div>\n                    <\/a>\n                <\/div><div class=\"grid-item\">\n                    <a href=\"https:\/\/boutique.jfpignon.com\/wp-content\/uploads\/2022\/02\/IMG_1945.jpg\"  data-title='IMG_1945'  data-caption='' data-mfp-src=\"https:\/\/boutique.jfpignon.com\/wp-content\/uploads\/2022\/02\/IMG_1945-1280x960.jpg\">\n                        <div class=\"et_pb_image_wrap\">\n                            <img loading=\"lazy\" decoding=\"async\" src=\"https:\/\/boutique.jfpignon.com\/wp-content\/uploads\/2022\/02\/IMG_1945.jpg\" title=\"IMG_1945\" alt=\"\" class=\"dsm-skip-lazyload\" srcset=\"https:\/\/boutique.jfpignon.com\/wp-content\/uploads\/2022\/02\/IMG_1945.jpg 2016w, https:\/\/boutique.jfpignon.com\/wp-content\/uploads\/2022\/02\/IMG_1945-1280x960.jpg 1280w, https:\/\/boutique.jfpignon.com\/wp-content\/uploads\/2022\/02\/IMG_1945-980x735.jpg 980w, https:\/\/boutique.jfpignon.com\/wp-content\/uploads\/2022\/02\/IMG_1945-480x360.jpg 480w\" sizes=\"(min-width: 0px) and (max-width: 480px) 480px, (min-width: 481px) and (max-width: 980px) 980px, (min-width: 981px) and (max-width: 1280px) 1280px, (min-width: 1281px) 2016px, 100vw\" width=\"2016\" height=\"1512\" \/>\n                            \n                        <\/div>\n                    <\/a>\n                <\/div><div class=\"grid-item\">\n                    <a href=\"https:\/\/boutique.jfpignon.com\/wp-content\/uploads\/2022\/02\/Jean-Francois-Pignon-Argentine.jpg\"  data-title='Jean Fran\u00e7ois Pignon , Argentine'  data-caption='' data-mfp-src=\"https:\/\/boutique.jfpignon.com\/wp-content\/uploads\/2022\/02\/Jean-Francois-Pignon-Argentine-1280x853.jpg\">\n                        <div class=\"et_pb_image_wrap\">\n                            <img loading=\"lazy\" decoding=\"async\" src=\"https:\/\/boutique.jfpignon.com\/wp-content\/uploads\/2022\/02\/Jean-Francois-Pignon-Argentine.jpg\" title=\"Jean Fran\u00e7ois Pignon , Argentine\" alt=\"\" class=\"dsm-skip-lazyload\" srcset=\"https:\/\/boutique.jfpignon.com\/wp-content\/uploads\/2022\/02\/Jean-Francois-Pignon-Argentine.jpg 1676w, https:\/\/boutique.jfpignon.com\/wp-content\/uploads\/2022\/02\/Jean-Francois-Pignon-Argentine-1280x853.jpg 1280w, https:\/\/boutique.jfpignon.com\/wp-content\/uploads\/2022\/02\/Jean-Francois-Pignon-Argentine-980x653.jpg 980w, https:\/\/boutique.jfpignon.com\/wp-content\/uploads\/2022\/02\/Jean-Francois-Pignon-Argentine-480x320.jpg 480w\" sizes=\"(min-width: 0px) and (max-width: 480px) 480px, (min-width: 481px) and (max-width: 980px) 980px, (min-width: 981px) and (max-width: 1280px) 1280px, (min-width: 1281px) 1676px, 100vw\" width=\"1676\" height=\"1117\" \/>\n                            \n                        <\/div>\n                    <\/a>\n                <\/div><div class=\"grid-item\">\n                    <a href=\"https:\/\/boutique.jfpignon.com\/wp-content\/uploads\/2022\/02\/Jean-Francois-Pignon-et-Floerent-Pagny-a-Vivement-dimanche.jpg\"  data-title='Jean Fran\u00e7ois Pignon et Floerent Pagny \u00e0 Vivement dimanche'  data-caption='' data-mfp-src=\"https:\/\/boutique.jfpignon.com\/wp-content\/uploads\/2022\/02\/Jean-Francois-Pignon-et-Floerent-Pagny-a-Vivement-dimanche-1280x853.jpg\">\n                        <div class=\"et_pb_image_wrap\">\n                            <img loading=\"lazy\" decoding=\"async\" src=\"https:\/\/boutique.jfpignon.com\/wp-content\/uploads\/2022\/02\/Jean-Francois-Pignon-et-Floerent-Pagny-a-Vivement-dimanche.jpg\" title=\"Jean Fran\u00e7ois Pignon et Floerent Pagny \u00e0 Vivement dimanche\" alt=\"\" class=\"dsm-skip-lazyload\" srcset=\"https:\/\/boutique.jfpignon.com\/wp-content\/uploads\/2022\/02\/Jean-Francois-Pignon-et-Floerent-Pagny-a-Vivement-dimanche.jpg 2048w, https:\/\/boutique.jfpignon.com\/wp-content\/uploads\/2022\/02\/Jean-Francois-Pignon-et-Floerent-Pagny-a-Vivement-dimanche-1280x853.jpg 1280w, https:\/\/boutique.jfpignon.com\/wp-content\/uploads\/2022\/02\/Jean-Francois-Pignon-et-Floerent-Pagny-a-Vivement-dimanche-980x653.jpg 980w, https:\/\/boutique.jfpignon.com\/wp-content\/uploads\/2022\/02\/Jean-Francois-Pignon-et-Floerent-Pagny-a-Vivement-dimanche-480x320.jpg 480w\" sizes=\"(min-width: 0px) and (max-width: 480px) 480px, (min-width: 481px) and (max-width: 980px) 980px, (min-width: 981px) and (max-width: 1280px) 1280px, (min-width: 1281px) 2048px, 100vw\" width=\"2048\" height=\"1365\" \/>\n                            \n                        <\/div>\n                    <\/a>\n                <\/div><div class=\"grid-item\">\n                    <a href=\"https:\/\/boutique.jfpignon.com\/wp-content\/uploads\/2022\/02\/Jean-Francois-Pignon-face-a-face.jpg\"  data-title='Jean Fran\u00e7ois Pignon face a face'  data-caption='' data-mfp-src=\"https:\/\/boutique.jfpignon.com\/wp-content\/uploads\/2022\/02\/Jean-Francois-Pignon-face-a-face-1280x1225.jpg\">\n                        <div class=\"et_pb_image_wrap\">\n                            <img loading=\"lazy\" decoding=\"async\" src=\"https:\/\/boutique.jfpignon.com\/wp-content\/uploads\/2022\/02\/Jean-Francois-Pignon-face-a-face.jpg\" title=\"Jean Fran\u00e7ois Pignon face a face\" alt=\"\" class=\"dsm-skip-lazyload\" srcset=\"https:\/\/boutique.jfpignon.com\/wp-content\/uploads\/2022\/02\/Jean-Francois-Pignon-face-a-face.jpg 1830w, https:\/\/boutique.jfpignon.com\/wp-content\/uploads\/2022\/02\/Jean-Francois-Pignon-face-a-face-1280x1225.jpg 1280w, https:\/\/boutique.jfpignon.com\/wp-content\/uploads\/2022\/02\/Jean-Francois-Pignon-face-a-face-980x938.jpg 980w, https:\/\/boutique.jfpignon.com\/wp-content\/uploads\/2022\/02\/Jean-Francois-Pignon-face-a-face-480x459.jpg 480w\" sizes=\"(min-width: 0px) and (max-width: 480px) 480px, (min-width: 481px) and (max-width: 980px) 980px, (min-width: 981px) and (max-width: 1280px) 1280px, (min-width: 1281px) 1830px, 100vw\" width=\"1830\" height=\"1751\" \/>\n                            \n                        <\/div>\n                    <\/a>\n                <\/div><div class=\"grid-item\">\n                    <a href=\"https:\/\/boutique.jfpignon.com\/wp-content\/uploads\/2022\/02\/Jean-Francois-Pignon-plus-cheval-ombre-chinoise.png\"  data-title='Jean Fran\u00e7ois Pignon plus cheval , ombre chinoise'  data-caption='' data-mfp-src=\"https:\/\/boutique.jfpignon.com\/wp-content\/uploads\/2022\/02\/Jean-Francois-Pignon-plus-cheval-ombre-chinoise-1280x680.png\">\n                        <div class=\"et_pb_image_wrap\">\n                            <img loading=\"lazy\" decoding=\"async\" src=\"https:\/\/boutique.jfpignon.com\/wp-content\/uploads\/2022\/02\/Jean-Francois-Pignon-plus-cheval-ombre-chinoise.png\" title=\"Jean Fran\u00e7ois Pignon plus cheval , ombre chinoise\" alt=\"\" class=\"dsm-skip-lazyload\" srcset=\"https:\/\/boutique.jfpignon.com\/wp-content\/uploads\/2022\/02\/Jean-Francois-Pignon-plus-cheval-ombre-chinoise.png 1917w, https:\/\/boutique.jfpignon.com\/wp-content\/uploads\/2022\/02\/Jean-Francois-Pignon-plus-cheval-ombre-chinoise-1280x680.png 1280w, https:\/\/boutique.jfpignon.com\/wp-content\/uploads\/2022\/02\/Jean-Francois-Pignon-plus-cheval-ombre-chinoise-980x521.png 980w, https:\/\/boutique.jfpignon.com\/wp-content\/uploads\/2022\/02\/Jean-Francois-Pignon-plus-cheval-ombre-chinoise-480x255.png 480w\" sizes=\"(min-width: 0px) and (max-width: 480px) 480px, (min-width: 481px) and (max-width: 980px) 980px, (min-width: 981px) and (max-width: 1280px) 1280px, (min-width: 1281px) 1917px, 100vw\" width=\"1917\" height=\"1019\" \/>\n                            \n                        <\/div>\n                    <\/a>\n                <\/div>\n             <\/div>\n\t\t\t\t<\/div>\n\t\t\t<\/div><\/p>\n","protected":false},"author":627,"featured_media":0,"parent":0,"menu_order":0,"comment_status":"closed","ping_status":"open","template":"","meta":{"_et_pb_use_builder":"on","_et_pb_old_content":"","_et_gb_content_width":"","footnotes":""},"class_list":["post-12204","page","type-page","status-publish","hentry"],"_links":{"self":[{"href":"https:\/\/boutique.jfpignon.com\/de\/wp-json\/wp\/v2\/pages\/12204","targetHints":{"allow":["GET"]}}],"collection":[{"href":"https:\/\/boutique.jfpignon.com\/de\/wp-json\/wp\/v2\/pages"}],"about":[{"href":"https:\/\/boutique.jfpignon.com\/de\/wp-json\/wp\/v2\/types\/page"}],"author":[{"embeddable":true,"href":"https:\/\/boutique.jfpignon.com\/de\/wp-json\/wp\/v2\/users\/627"}],"replies":[{"embeddable":true,"href":"https:\/\/boutique.jfpignon.com\/de\/wp-json\/wp\/v2\/comments?post=12204"}],"version-history":[{"count":6,"href":"https:\/\/boutique.jfpignon.com\/de\/wp-json\/wp\/v2\/pages\/12204\/revisions"}],"predecessor-version":[{"id":12297,"href":"https:\/\/boutique.jfpignon.com\/de\/wp-json\/wp\/v2\/pages\/12204\/revisions\/12297"}],"wp:attachment":[{"href":"https:\/\/boutique.jfpignon.com\/de\/wp-json\/wp\/v2\/media?parent=12204"}],"curies":[{"name":"wp","href":"https:\/\/api.w.org\/{rel}","templated":true}]}}