{"id":12266,"date":"2015-02-05T09:42:04","date_gmt":"2015-02-05T07:42:04","guid":{"rendered":"https:\/\/boutique.jfpignon.com\/shop\/"},"modified":"2022-02-15T15:34:18","modified_gmt":"2022-02-15T13:34:18","slug":"shop","status":"publish","type":"page","link":"https:\/\/boutique.jfpignon.com\/de\/shop\/","title":{"rendered":"Shop"},"content":{"rendered":"<p>[et_pb_section admin_label=&#8220;section&#8220;]<br \/>\n\t\t\t[et_pb_row admin_label=&#8220;row&#8220;]<br \/>\n\t\t\t\t[et_pb_column type=&#8220;4_4&#8243;][et_pb_text admin_label=&#8220;Text&#8220;]<\/p>\n<p align=\"left\"><span style=\"font-size: 14pt;\">Sur notre site vous allez pouvoir acqu\u00e9rir nos articles, n&#8217;h\u00e9sitez pas \u00e0 demander un autographe pour personnaliser votre cadeau !<\/span><br \/>\n<span style=\"font-size: 14pt;\">Faites une commande sur notre site, elle nous parvient de suite nous la pr\u00e9parons et \u00e0 r\u00e9ception de votre r\u00e8glement celle ci vous sera livr\u00e9e sous 48h.<\/span><\/p>\n<p align=\"left\"><span style=\"font-size: 14pt;\">Le r\u00e8glement s&#8217;effectue en ligne avec Paypal qui propose \u00e9galement un paiement par carte bancaire, par ch\u00e8que ou virement.<\/span><\/p>\n<p>[\/et_pb_text][\/et_pb_column]<br \/>\n\t\t\t[\/et_pb_row]<br \/>\n\t\t[\/et_pb_section]<\/p>\n","protected":false},"excerpt":{"rendered":"<p>Sur notre site vous allez pouvoir acqu\u00e9rir nos articles, n&#8217;h\u00e9sitez pas \u00e0 demander un autographe pour personnaliser votre cadeau ! Faites une commande sur notre site, elle nous parvient de suite nous la pr\u00e9parons et \u00e0 r\u00e9ception de votre r\u00e8glement celle ci vous sera livr\u00e9e sous 48h. Le r\u00e8glement s&#8217;effectue en ligne avec Paypal qui propose \u00e9galement un paiement par carte bancaire, par ch\u00e8que ou virement.<\/p>\n","protected":false},"author":627,"featured_media":0,"parent":0,"menu_order":0,"comment_status":"closed","ping_status":"closed","template":"","meta":{"_et_pb_use_builder":"on","_et_pb_old_content":"","_et_gb_content_width":"","footnotes":""},"class_list":["post-12266","page","type-page","status-publish","hentry"],"_links":{"self":[{"href":"https:\/\/boutique.jfpignon.com\/de\/wp-json\/wp\/v2\/pages\/12266","targetHints":{"allow":["GET"]}}],"collection":[{"href":"https:\/\/boutique.jfpignon.com\/de\/wp-json\/wp\/v2\/pages"}],"about":[{"href":"https:\/\/boutique.jfpignon.com\/de\/wp-json\/wp\/v2\/types\/page"}],"author":[{"embeddable":true,"href":"https:\/\/boutique.jfpignon.com\/de\/wp-json\/wp\/v2\/users\/627"}],"replies":[{"embeddable":true,"href":"https:\/\/boutique.jfpignon.com\/de\/wp-json\/wp\/v2\/comments?post=12266"}],"version-history":[{"count":0,"href":"https:\/\/boutique.jfpignon.com\/de\/wp-json\/wp\/v2\/pages\/12266\/revisions"}],"wp:attachment":[{"href":"https:\/\/boutique.jfpignon.com\/de\/wp-json\/wp\/v2\/media?parent=12266"}],"curies":[{"name":"wp","href":"https:\/\/api.w.org\/{rel}","templated":true}]}}