{"id":13761,"date":"2023-01-30T14:15:13","date_gmt":"2023-01-30T12:15:13","guid":{"rendered":"https:\/\/boutique.jfpignon.com\/?post_type=product&#038;p=13761"},"modified":"2023-02-02T11:30:22","modified_gmt":"2023-02-02T09:30:22","slug":"dvd-40-jours-4-criollos-et-du-silence","status":"publish","type":"product","link":"https:\/\/boutique.jfpignon.com\/es\/produit\/dvd-40-jours-4-criollos-et-du-silence\/","title":{"rendered":"DVD 40 JOURS, 4 CRIOLLOS et du silence"},"content":{"rendered":"","protected":false},"excerpt":{"rendered":"<p>DVD avec le film dur\u00e9e 1H35 + bonus ( Bande annonce du film, Teaser Gazelle, Entretien vivement dimanche.)<\/p>\n<p>En fran\u00e7ais, Anglais, Italien, Espagnol.<\/p>\n<p>Sous titr\u00e9 en Fran\u00e7ais, Anglais, Allemand, Italien et Espagnol<br \/>\nSYNOPSIS:<\/p>\n<p>Tout commence par un r\u00eave fou: apprivoiser des chevaux qui n&#8217;ont quasiment pas eu contact avec l&#8217;homme, dans leur milieu naturel.<\/p>\n<p>Et la rencontre de deux hommes:<\/p>\n<p>Jean Fran\u00e7ois PIGNON, dresseur de chevaux reconnu dans le monde entier, et cr\u00e9ateur d&#8217;une m\u00e9thode de communication avec les chevaux qu&#8217;il transmet avec passion.<\/p>\n<p>Et Florent Pagny l&#8217;un des plus grands chanteurs fran\u00e7ais, amoureux de la libert\u00e9 sous toutes ses formes.<\/p>\n<p>La pampa argentine arpent\u00e9e dans tous les sens, Jean Fran\u00e7ois met \u00e0 l&#8217;\u00e9preuve sa technique et sa patience. Ce voyage en Patagonie est avant tout un voyage int\u00e9rieur, riche en \u00e9motion et en enseignement.<\/p>\n","protected":false},"featured_media":12961,"comment_status":"closed","ping_status":"closed","template":"","meta":{"_et_pb_use_builder":"","_et_pb_old_content":"","_et_gb_content_width":""},"product_brand":[],"product_cat":[478],"product_tag":[479,480,481,482,483,484,485,486,487,488],"class_list":{"0":"post-13761","1":"product","2":"type-product","3":"status-publish","4":"has-post-thumbnail","6":"product_cat-cddvd-es","7":"product_tag-4-criollos-et-du-silence-es","8":"product_tag-40-jours-es","9":"product_tag-argentine-es","10":"product_tag-chevaux-sauvages-es","11":"product_tag-communication-es","12":"product_tag-documentaire-chevaux-es","13":"product_tag-dressage-es","14":"product_tag-florent-pagny-es","15":"product_tag-jean-francois-pignon-es","16":"product_tag-patagonie-es","18":"first","19":"instock","20":"taxable","21":"shipping-taxable","22":"purchasable","23":"product-type-simple"},"_links":{"self":[{"href":"https:\/\/boutique.jfpignon.com\/es\/wp-json\/wp\/v2\/product\/13761","targetHints":{"allow":["GET"]}}],"collection":[{"href":"https:\/\/boutique.jfpignon.com\/es\/wp-json\/wp\/v2\/product"}],"about":[{"href":"https:\/\/boutique.jfpignon.com\/es\/wp-json\/wp\/v2\/types\/product"}],"replies":[{"embeddable":true,"href":"https:\/\/boutique.jfpignon.com\/es\/wp-json\/wp\/v2\/comments?post=13761"}],"wp:featuredmedia":[{"embeddable":true,"href":"https:\/\/boutique.jfpignon.com\/es\/wp-json\/wp\/v2\/media\/12961"}],"wp:attachment":[{"href":"https:\/\/boutique.jfpignon.com\/es\/wp-json\/wp\/v2\/media?parent=13761"}],"wp:term":[{"taxonomy":"product_brand","embeddable":true,"href":"https:\/\/boutique.jfpignon.com\/es\/wp-json\/wp\/v2\/product_brand?post=13761"},{"taxonomy":"product_cat","embeddable":true,"href":"https:\/\/boutique.jfpignon.com\/es\/wp-json\/wp\/v2\/product_cat?post=13761"},{"taxonomy":"product_tag","embeddable":true,"href":"https:\/\/boutique.jfpignon.com\/es\/wp-json\/wp\/v2\/product_tag?post=13761"}],"curies":[{"name":"wp","href":"https:\/\/api.w.org\/{rel}","templated":true}]}}